{"id":53,"date":"2022-04-21T07:13:53","date_gmt":"2022-04-21T07:13:53","guid":{"rendered":"https:\/\/onboardwithme.com\/?page_id=53"},"modified":"2022-05-13T18:22:17","modified_gmt":"2022-05-13T18:22:17","slug":"apie-kelioniu-bloga","status":"publish","type":"page","link":"https:\/\/onboardwithme.com\/lt\/apie-kelioniu-bloga\/","title":{"rendered":"About"},"content":{"rendered":"\n<figure class=\"wp-block-image size-large is-resized\"><img data-recalc-dims=\"1\" loading=\"lazy\" decoding=\"async\" src=\"https:\/\/i0.wp.com\/onboardwithme.com\/wp-content\/uploads\/2022\/04\/IMG_2231.jpg?resize=750%2C563&#038;ssl=1\" alt=\"\" class=\"wp-image-21\" width=\"750\" height=\"563\" srcset=\"https:\/\/i0.wp.com\/onboardwithme.com\/wp-content\/uploads\/2022\/04\/IMG_2231.jpg?resize=1024%2C768&amp;ssl=1 1024w, https:\/\/i0.wp.com\/onboardwithme.com\/wp-content\/uploads\/2022\/04\/IMG_2231.jpg?resize=300%2C225&amp;ssl=1 300w, https:\/\/i0.wp.com\/onboardwithme.com\/wp-content\/uploads\/2022\/04\/IMG_2231.jpg?resize=768%2C576&amp;ssl=1 768w, https:\/\/i0.wp.com\/onboardwithme.com\/wp-content\/uploads\/2022\/04\/IMG_2231.jpg?resize=1536%2C1152&amp;ssl=1 1536w, https:\/\/i0.wp.com\/onboardwithme.com\/wp-content\/uploads\/2022\/04\/IMG_2231.jpg?resize=850%2C638&amp;ssl=1 850w, https:\/\/i0.wp.com\/onboardwithme.com\/wp-content\/uploads\/2022\/04\/IMG_2231.jpg?w=1600&amp;ssl=1 1600w\" sizes=\"auto, (max-width: 750px) 100vw, 750px\" \/><\/figure>\n\n\n\n<p>Taigi, sveikas Pasauli!&nbsp;<\/p>\n\n\n\n<p>A\u0161 esu Agn\u0117, jei trumpai apie mane, tai a\u0161 pametusi d\u0117l tav\u0119s galv\u0105\u2026 Vargu, ar gal\u0117sim suskai\u010diuoti, kiek ilg\u0173 vakar\u0173, o kartais ir nakt\u0173 esu praleidusi planuodama tave apkeliauti. Ir taip, dalis t\u0173 plan\u0173 buvo \u012fgyvendinti, dalis dar tik laukia savo laiko. Ta\u010diau pastaruoju metu jau\u010diu, kad visi tie \u012fsp\u016bd\u017eiai turi ka\u017ekur \u201csugulti\u201d, kad laikyti juos tik savo atminties skrynel\u0117je pavojinga, nes laikui b\u0117gant i\u0161 atminties nuotrauk\u0173 i\u0161blunka spalvos. Taigi, grynai savanaudi\u0161kai tiksliais gim\u0117 \u0161io blogo mintis \ud83d\ude42 U\u017era\u0161yti ir saugiai palikti. Kita vertus, kai kam tai gali tapti geru \u012frankiu planuojant savo pasimatymus su Tavimi.&nbsp;<\/p>\n\n\n\n<p>Taigi sau linkiu gero ra\u0161ymo ir ai\u0161kaus min\u010di\u0173 d\u0117liojimo, o tiem kas \u010dia u\u017eklys \u012fdomaus skaitymo ir lengvo planavimo.<\/p>\n\n\n\n<p>Su meile, Agn\u0117<\/p>\n","protected":false},"excerpt":{"rendered":"<p>Taigi, sveikas Pasauli!&nbsp; A\u0161 esu Agn\u0117, jei trumpai apie mane, tai a\u0161 pametusi d\u0117l tav\u0119s galv\u0105\u2026 Vargu, ar gal\u0117sim suskai\u010diuoti, kiek ilg\u0173 vakar\u0173, o kartais &hellip; <\/p>\n","protected":false},"author":1,"featured_media":0,"parent":0,"menu_order":0,"comment_status":"closed","ping_status":"closed","template":"","meta":{"nf_dc_page":"about","om_disable_all_campaigns":false,"_monsterinsights_skip_tracking":false,"_monsterinsights_sitenote_active":false,"_monsterinsights_sitenote_note":"","_monsterinsights_sitenote_category":0,"footnotes":""},"class_list":["post-53","page","type-page","status-publish","hentry","has-meta"],"yoast_head":"<!-- This site is optimized with the Yoast SEO plugin v27.4 - https:\/\/yoast.com\/product\/yoast-seo-wordpress\/ -->\n<title>About - Travel blog<\/title>\n<meta name=\"description\" content=\"Asmeninis kelioni\u0173 blogas :) Mano prisiminimams u\u017esaugoti ir ka\u017ekam savuosius susikurti pagelb\u0117ti :)\" \/>\n<meta name=\"robots\" content=\"index, follow, max-snippet:-1, max-image-preview:large, max-video-preview:-1\" \/>\n<link rel=\"canonical\" href=\"https:\/\/onboardwithme.com\/lt\/apie-kelioniu-bloga\/\" \/>\n<meta property=\"og:locale\" content=\"lt_LT\" \/>\n<meta property=\"og:type\" content=\"article\" \/>\n<meta property=\"og:title\" content=\"About - Travel blog\" \/>\n<meta property=\"og:description\" content=\"Asmeninis kelioni\u0173 blogas :) Mano prisiminimams u\u017esaugoti ir ka\u017ekam savuosius susikurti pagelb\u0117ti :)\" \/>\n<meta property=\"og:url\" content=\"https:\/\/onboardwithme.com\/lt\/apie-kelioniu-bloga\/\" \/>\n<meta property=\"og:site_name\" content=\"Travel blog\" \/>\n<meta property=\"article:modified_time\" content=\"2022-05-13T18:22:17+00:00\" \/>\n<meta property=\"og:image\" content=\"https:\/\/onboardwithme.com\/wp-content\/uploads\/2022\/04\/IMG_2231-1024x768.jpg\" \/>\n<meta name=\"twitter:card\" content=\"summary_large_image\" \/>\n<meta name=\"twitter:label1\" content=\"Est. reading time\" \/>\n\t<meta name=\"twitter:data1\" content=\"1 minut\u0117\" \/>\n<script type=\"application\/ld+json\" class=\"yoast-schema-graph\">{\"@context\":\"https:\\\/\\\/schema.org\",\"@graph\":[{\"@type\":\"WebPage\",\"@id\":\"https:\\\/\\\/onboardwithme.com\\\/apie-kelioniu-bloga\\\/\",\"url\":\"https:\\\/\\\/onboardwithme.com\\\/apie-kelioniu-bloga\\\/\",\"name\":\"About - Travel blog\",\"isPartOf\":{\"@id\":\"https:\\\/\\\/onboardwithme.com\\\/#website\"},\"primaryImageOfPage\":{\"@id\":\"https:\\\/\\\/onboardwithme.com\\\/apie-kelioniu-bloga\\\/#primaryimage\"},\"image\":{\"@id\":\"https:\\\/\\\/onboardwithme.com\\\/apie-kelioniu-bloga\\\/#primaryimage\"},\"thumbnailUrl\":\"https:\\\/\\\/onboardwithme.com\\\/wp-content\\\/uploads\\\/2022\\\/04\\\/IMG_2231-1024x768.jpg\",\"datePublished\":\"2022-04-21T07:13:53+00:00\",\"dateModified\":\"2022-05-13T18:22:17+00:00\",\"description\":\"Asmeninis kelioni\u0173 blogas :) Mano prisiminimams u\u017esaugoti ir ka\u017ekam savuosius susikurti pagelb\u0117ti :)\",\"breadcrumb\":{\"@id\":\"https:\\\/\\\/onboardwithme.com\\\/apie-kelioniu-bloga\\\/#breadcrumb\"},\"inLanguage\":\"lt-LT\",\"potentialAction\":[{\"@type\":\"ReadAction\",\"target\":[\"https:\\\/\\\/onboardwithme.com\\\/apie-kelioniu-bloga\\\/\"]}]},{\"@type\":\"ImageObject\",\"inLanguage\":\"lt-LT\",\"@id\":\"https:\\\/\\\/onboardwithme.com\\\/apie-kelioniu-bloga\\\/#primaryimage\",\"url\":\"https:\\\/\\\/onboardwithme.com\\\/wp-content\\\/uploads\\\/2022\\\/04\\\/IMG_2231-1024x768.jpg\",\"contentUrl\":\"https:\\\/\\\/onboardwithme.com\\\/wp-content\\\/uploads\\\/2022\\\/04\\\/IMG_2231-1024x768.jpg\"},{\"@type\":\"BreadcrumbList\",\"@id\":\"https:\\\/\\\/onboardwithme.com\\\/apie-kelioniu-bloga\\\/#breadcrumb\",\"itemListElement\":[{\"@type\":\"ListItem\",\"position\":1,\"name\":\"Home\",\"item\":\"https:\\\/\\\/onboardwithme.com\\\/\"},{\"@type\":\"ListItem\",\"position\":2,\"name\":\"About\"}]},{\"@type\":\"WebSite\",\"@id\":\"https:\\\/\\\/onboardwithme.com\\\/#website\",\"url\":\"https:\\\/\\\/onboardwithme.com\\\/\",\"name\":\"Travel blog\",\"description\":\"&quot;Traveling - it leaves you speechless then turn you into a storyteller&quot; Ibn Battuta\",\"potentialAction\":[{\"@type\":\"SearchAction\",\"target\":{\"@type\":\"EntryPoint\",\"urlTemplate\":\"https:\\\/\\\/onboardwithme.com\\\/?s={search_term_string}\"},\"query-input\":{\"@type\":\"PropertyValueSpecification\",\"valueRequired\":true,\"valueName\":\"search_term_string\"}}],\"inLanguage\":\"lt-LT\"}]}<\/script>\n<!-- \/ Yoast SEO plugin. -->","yoast_head_json":{"title":"About - Travel blog","description":"Asmeninis kelioni\u0173 blogas :) Mano prisiminimams u\u017esaugoti ir ka\u017ekam savuosius susikurti pagelb\u0117ti :)","robots":{"index":"index","follow":"follow","max-snippet":"max-snippet:-1","max-image-preview":"max-image-preview:large","max-video-preview":"max-video-preview:-1"},"canonical":"https:\/\/onboardwithme.com\/lt\/apie-kelioniu-bloga\/","og_locale":"lt_LT","og_type":"article","og_title":"About - Travel blog","og_description":"Asmeninis kelioni\u0173 blogas :) Mano prisiminimams u\u017esaugoti ir ka\u017ekam savuosius susikurti pagelb\u0117ti :)","og_url":"https:\/\/onboardwithme.com\/lt\/apie-kelioniu-bloga\/","og_site_name":"Travel blog","article_modified_time":"2022-05-13T18:22:17+00:00","og_image":[{"url":"https:\/\/onboardwithme.com\/wp-content\/uploads\/2022\/04\/IMG_2231-1024x768.jpg","type":"","width":"","height":""}],"twitter_card":"summary_large_image","twitter_misc":{"Est. reading time":"1 minut\u0117"},"schema":{"@context":"https:\/\/schema.org","@graph":[{"@type":"WebPage","@id":"https:\/\/onboardwithme.com\/apie-kelioniu-bloga\/","url":"https:\/\/onboardwithme.com\/apie-kelioniu-bloga\/","name":"About - Travel blog","isPartOf":{"@id":"https:\/\/onboardwithme.com\/#website"},"primaryImageOfPage":{"@id":"https:\/\/onboardwithme.com\/apie-kelioniu-bloga\/#primaryimage"},"image":{"@id":"https:\/\/onboardwithme.com\/apie-kelioniu-bloga\/#primaryimage"},"thumbnailUrl":"https:\/\/onboardwithme.com\/wp-content\/uploads\/2022\/04\/IMG_2231-1024x768.jpg","datePublished":"2022-04-21T07:13:53+00:00","dateModified":"2022-05-13T18:22:17+00:00","description":"Asmeninis kelioni\u0173 blogas :) Mano prisiminimams u\u017esaugoti ir ka\u017ekam savuosius susikurti pagelb\u0117ti :)","breadcrumb":{"@id":"https:\/\/onboardwithme.com\/apie-kelioniu-bloga\/#breadcrumb"},"inLanguage":"lt-LT","potentialAction":[{"@type":"ReadAction","target":["https:\/\/onboardwithme.com\/apie-kelioniu-bloga\/"]}]},{"@type":"ImageObject","inLanguage":"lt-LT","@id":"https:\/\/onboardwithme.com\/apie-kelioniu-bloga\/#primaryimage","url":"https:\/\/onboardwithme.com\/wp-content\/uploads\/2022\/04\/IMG_2231-1024x768.jpg","contentUrl":"https:\/\/onboardwithme.com\/wp-content\/uploads\/2022\/04\/IMG_2231-1024x768.jpg"},{"@type":"BreadcrumbList","@id":"https:\/\/onboardwithme.com\/apie-kelioniu-bloga\/#breadcrumb","itemListElement":[{"@type":"ListItem","position":1,"name":"Home","item":"https:\/\/onboardwithme.com\/"},{"@type":"ListItem","position":2,"name":"About"}]},{"@type":"WebSite","@id":"https:\/\/onboardwithme.com\/#website","url":"https:\/\/onboardwithme.com\/","name":"Travel blog","description":"&quot;Traveling - it leaves you speechless then turn you into a storyteller&quot; Ibn Battuta","potentialAction":[{"@type":"SearchAction","target":{"@type":"EntryPoint","urlTemplate":"https:\/\/onboardwithme.com\/?s={search_term_string}"},"query-input":{"@type":"PropertyValueSpecification","valueRequired":true,"valueName":"search_term_string"}}],"inLanguage":"lt-LT"}]}},"jetpack_sharing_enabled":true,"_links":{"self":[{"href":"https:\/\/onboardwithme.com\/lt\/wp-json\/wp\/v2\/pages\/53","targetHints":{"allow":["GET"]}}],"collection":[{"href":"https:\/\/onboardwithme.com\/lt\/wp-json\/wp\/v2\/pages"}],"about":[{"href":"https:\/\/onboardwithme.com\/lt\/wp-json\/wp\/v2\/types\/page"}],"author":[{"embeddable":true,"href":"https:\/\/onboardwithme.com\/lt\/wp-json\/wp\/v2\/users\/1"}],"replies":[{"embeddable":true,"href":"https:\/\/onboardwithme.com\/lt\/wp-json\/wp\/v2\/comments?post=53"}],"version-history":[{"count":3,"href":"https:\/\/onboardwithme.com\/lt\/wp-json\/wp\/v2\/pages\/53\/revisions"}],"predecessor-version":[{"id":62,"href":"https:\/\/onboardwithme.com\/lt\/wp-json\/wp\/v2\/pages\/53\/revisions\/62"}],"wp:attachment":[{"href":"https:\/\/onboardwithme.com\/lt\/wp-json\/wp\/v2\/media?parent=53"}],"curies":[{"name":"wp","href":"https:\/\/api.w.org\/{rel}","templated":true}]}}